{"id":92,"date":"2018-05-07T13:34:06","date_gmt":"2018-05-07T10:34:06","guid":{"rendered":"http:\/\/www.ariciotoankara.com\/?page_id=92"},"modified":"2021-03-31T09:43:45","modified_gmt":"2021-03-31T06:43:45","slug":"ustamizadanisin","status":"publish","type":"page","link":"https:\/\/www.ariciotoankara.com\/index.php\/ustamizadanisin\/","title":{"rendered":"HASAR DANI\u015eIN"},"content":{"rendered":"<h3><strong>HASAR DANI\u015eMA<\/strong><\/h3>\n<p>Hasarl\u0131 arac\u0131n\u0131z foto\u011fraflar\u0131n\u0131 bizimle payla\u015fabilir, fikir alabilirsiniz&#8230;<\/p>\n<p>Dosya olarak foto\u011fraf ekleyerek bizlere g\u00f6nderebilirsiniz.<\/p>\n<p>\u00d6rnek Foto\u011fraflar ;<\/p>\n<p><img loading=\"lazy\" decoding=\"async\" class=\"size-thumbnail wp-image-325 alignleft\" src=\"http:\/\/www.ariciotoankara.com\/wp-content\/uploads\/2018\/05\/3\u00f6-150x150.jpg\" alt=\"\" width=\"150\" height=\"150\" \/> <img loading=\"lazy\" decoding=\"async\" class=\"size-thumbnail wp-image-328 alignleft\" src=\"http:\/\/www.ariciotoankara.com\/wp-content\/uploads\/2018\/05\/4s-150x150.jpg\" alt=\"\" width=\"150\" height=\"150\" \/> <img loading=\"lazy\" decoding=\"async\" class=\"size-thumbnail wp-image-330 alignleft\" src=\"http:\/\/www.ariciotoankara.com\/wp-content\/uploads\/2018\/05\/5s-150x150.jpg\" alt=\"\" width=\"150\" height=\"150\" \/><\/p>\n\n<div class=\"wpcf7 no-js\" id=\"wpcf7-f148-o1\" lang=\"tr-TR\" dir=\"ltr\" data-wpcf7-id=\"148\">\n<div class=\"screen-reader-response\"><p role=\"status\" aria-live=\"polite\" aria-atomic=\"true\"><\/p> <ul><\/ul><\/div>\n<form action=\"\/index.php\/wp-json\/wp\/v2\/pages\/92#wpcf7-f148-o1\" method=\"post\" class=\"wpcf7-form init\" aria-label=\"\u0130leti\u015fim Formu\" enctype=\"multipart\/form-data\" novalidate=\"novalidate\" data-status=\"init\">\n<fieldset class=\"hidden-fields-container\"><input type=\"hidden\" name=\"_wpcf7\" value=\"148\" \/><input type=\"hidden\" name=\"_wpcf7_version\" value=\"6.1.5\" \/><input type=\"hidden\" name=\"_wpcf7_locale\" value=\"tr_TR\" \/><input type=\"hidden\" name=\"_wpcf7_unit_tag\" value=\"wpcf7-f148-o1\" \/><input type=\"hidden\" name=\"_wpcf7_container_post\" value=\"0\" \/><input type=\"hidden\" name=\"_wpcf7_posted_data_hash\" value=\"\" \/>\n<\/fieldset>\n<p>Ustam\u0131za Herhangi Bir Hasar Konusunu Dan\u0131\u015fmak \u0130\u00e7in L\u00fctfen Formu Doldurunuz...\n<\/p>\n<p><label> Ad\u0131n\u0131z-Soyad\u0131n\u0131z (gerekli)<br \/>\n<span class=\"wpcf7-form-control-wrap\" data-name=\"your-name\"><input size=\"40\" maxlength=\"400\" class=\"wpcf7-form-control wpcf7-text wpcf7-validates-as-required\" aria-required=\"true\" aria-invalid=\"false\" value=\"\" type=\"text\" name=\"your-name\" \/><\/span> <\/label>\n<\/p>\n<p><label> \u0130leti\u015fim Numaras\u0131 (Cep Telefonu)<br \/>\n<span class=\"wpcf7-form-control-wrap\" data-name=\"tel-992\"><input size=\"40\" maxlength=\"400\" class=\"wpcf7-form-control wpcf7-tel wpcf7-text wpcf7-validates-as-tel\" aria-invalid=\"false\" value=\"\" type=\"tel\" name=\"tel-992\" \/><\/span> <\/label>\n<\/p>\n<p><label> E-posta adresiniz (gerekli)<br \/>\n<span class=\"wpcf7-form-control-wrap\" data-name=\"your-email\"><input size=\"40\" maxlength=\"400\" class=\"wpcf7-form-control wpcf7-email wpcf7-validates-as-required wpcf7-text wpcf7-validates-as-email\" aria-required=\"true\" aria-invalid=\"false\" value=\"\" type=\"email\" name=\"your-email\" \/><\/span> <\/label>\n<\/p>\n<p><label> Konu<br \/>\n<span class=\"wpcf7-form-control-wrap\" data-name=\"your-subject\"><input size=\"40\" maxlength=\"400\" class=\"wpcf7-form-control wpcf7-text\" aria-invalid=\"false\" value=\"\" type=\"text\" name=\"your-subject\" \/><\/span> <\/label>\n<\/p>\n<p><label> \u0130letiniz<br \/>\n<span class=\"wpcf7-form-control-wrap\" data-name=\"your-message\"><textarea cols=\"40\" rows=\"10\" maxlength=\"2000\" class=\"wpcf7-form-control wpcf7-textarea\" aria-invalid=\"false\" name=\"your-message\"><\/textarea><\/span> <\/label>\n<\/p>\n<p><span class=\"wpcf7-form-control-wrap\" data-name=\"file-978\"><input size=\"40\" class=\"wpcf7-form-control wpcf7-file\" accept=\".jpg,.jpeg,.bmp\" aria-invalid=\"false\" type=\"file\" name=\"file-978\" \/><\/span><br \/>\n<span class=\"wpcf7-form-control-wrap\" data-name=\"file-900\"><input size=\"40\" class=\"wpcf7-form-control wpcf7-file\" accept=\".jpg,.jpeg,.bmp\" aria-invalid=\"false\" type=\"file\" name=\"file-900\" \/><\/span><br \/>\n<span class=\"wpcf7-form-control-wrap\" data-name=\"file-841\"><input size=\"40\" class=\"wpcf7-form-control wpcf7-file\" accept=\".jpg,.jpeg,.bmp\" aria-invalid=\"false\" type=\"file\" name=\"file-841\" \/><\/span>\n<\/p>\n<p>*L\u00fctfen size daha iyi destek verebilmemiz i\u00e7in foto\u011fraflar\u0131n\u0131z\u0131 de\u011fi\u015fik a\u00e7\u0131lardan payla\u015f\u0131n\u0131z.\n<\/p>\n<p><span class=\"wpcf7-form-control-wrap\" data-name=\"quiz-305\"><label><span class=\"wpcf7-quiz-label\">T\u00fcrkiye&#039;nin ba\u015fkenti?<\/span> <input size=\"40\" class=\"wpcf7-form-control wpcf7-quiz\" autocomplete=\"off\" aria-required=\"true\" aria-invalid=\"false\" type=\"text\" name=\"quiz-305\" \/><\/label><input type=\"hidden\" name=\"_wpcf7_quiz_answer_quiz-305\" value=\"4f5bd47497c9d337f4097b940ecf765a\" \/><\/span>\n<\/p>\n<p><input class=\"wpcf7-form-control wpcf7-submit has-spinner\" type=\"submit\" value=\"Ustaya G\u00f6nder\" \/>\n<\/p><div class=\"wpcf7-response-output\" aria-hidden=\"true\"><\/div>\n<\/form>\n<\/div>\n\n","protected":false},"excerpt":{"rendered":"<p>HASAR DANI\u015eMA Hasarl\u0131 arac\u0131n\u0131z foto\u011fraflar\u0131n\u0131 bizimle payla\u015fabilir, fikir alabilirsiniz&#8230; Dosya olarak foto\u011fraf ekleyerek bizlere g\u00f6nderebilirsiniz. \u00d6rnek Foto\u011fraflar ;<\/p>\n","protected":false},"author":1,"featured_media":0,"parent":0,"menu_order":0,"comment_status":"closed","ping_status":"closed","template":"","meta":{"footnotes":""},"class_list":["post-92","page","type-page","status-publish","hentry"],"yoast_head":"<!-- This site is optimized with the Yoast SEO plugin v26.9 - https:\/\/yoast.com\/product\/yoast-seo-wordpress\/ -->\n<title>HASAR DANI\u015eIN - ARICI OTO KAPORTA ANKARA<\/title>\n<meta name=\"robots\" content=\"index, follow, max-snippet:-1, max-image-preview:large, max-video-preview:-1\" \/>\n<link rel=\"canonical\" href=\"https:\/\/www.ariciotoankara.com\/index.php\/ustamizadanisin\/\" \/>\n<meta property=\"og:locale\" content=\"tr_TR\" \/>\n<meta property=\"og:type\" content=\"article\" \/>\n<meta property=\"og:title\" content=\"HASAR DANI\u015eIN - ARICI OTO KAPORTA ANKARA\" \/>\n<meta property=\"og:description\" content=\"HASAR DANI\u015eMA Hasarl\u0131 arac\u0131n\u0131z foto\u011fraflar\u0131n\u0131 bizimle payla\u015fabilir, fikir alabilirsiniz&#8230; Dosya olarak foto\u011fraf ekleyerek bizlere g\u00f6nderebilirsiniz. \u00d6rnek Foto\u011fraflar ;\" \/>\n<meta property=\"og:url\" content=\"https:\/\/www.ariciotoankara.com\/index.php\/ustamizadanisin\/\" \/>\n<meta property=\"og:site_name\" content=\"ARICI OTO KAPORTA ANKARA\" \/>\n<meta property=\"article:modified_time\" content=\"2021-03-31T06:43:45+00:00\" \/>\n<meta property=\"og:image\" content=\"http:\/\/www.ariciotoankara.com\/wp-content\/uploads\/2018\/05\/3\u00f6-150x150.jpg\" \/>\n<meta name=\"twitter:card\" content=\"summary_large_image\" \/>\n<meta name=\"twitter:label1\" content=\"Tahmini okuma s\u00fcresi\" \/>\n\t<meta name=\"twitter:data1\" content=\"1 dakika\" \/>\n<script type=\"application\/ld+json\" class=\"yoast-schema-graph\">{\"@context\":\"https:\/\/schema.org\",\"@graph\":[{\"@type\":\"WebPage\",\"@id\":\"https:\/\/www.ariciotoankara.com\/index.php\/ustamizadanisin\/\",\"url\":\"https:\/\/www.ariciotoankara.com\/index.php\/ustamizadanisin\/\",\"name\":\"HASAR DANI\u015eIN - ARICI OTO KAPORTA ANKARA\",\"isPartOf\":{\"@id\":\"https:\/\/www.ariciotoankara.com\/#website\"},\"primaryImageOfPage\":{\"@id\":\"https:\/\/www.ariciotoankara.com\/index.php\/ustamizadanisin\/#primaryimage\"},\"image\":{\"@id\":\"https:\/\/www.ariciotoankara.com\/index.php\/ustamizadanisin\/#primaryimage\"},\"thumbnailUrl\":\"http:\/\/www.ariciotoankara.com\/wp-content\/uploads\/2018\/05\/4s-150x150.jpg\",\"datePublished\":\"2018-05-07T10:34:06+00:00\",\"dateModified\":\"2021-03-31T06:43:45+00:00\",\"breadcrumb\":{\"@id\":\"https:\/\/www.ariciotoankara.com\/index.php\/ustamizadanisin\/#breadcrumb\"},\"inLanguage\":\"tr\",\"potentialAction\":[{\"@type\":\"ReadAction\",\"target\":[\"https:\/\/www.ariciotoankara.com\/index.php\/ustamizadanisin\/\"]}]},{\"@type\":\"ImageObject\",\"inLanguage\":\"tr\",\"@id\":\"https:\/\/www.ariciotoankara.com\/index.php\/ustamizadanisin\/#primaryimage\",\"url\":\"https:\/\/www.ariciotoankara.com\/wp-content\/uploads\/2018\/05\/4s.jpg\",\"contentUrl\":\"https:\/\/www.ariciotoankara.com\/wp-content\/uploads\/2018\/05\/4s.jpg\",\"width\":720,\"height\":540},{\"@type\":\"BreadcrumbList\",\"@id\":\"https:\/\/www.ariciotoankara.com\/index.php\/ustamizadanisin\/#breadcrumb\",\"itemListElement\":[{\"@type\":\"ListItem\",\"position\":1,\"name\":\"Ana sayfa\",\"item\":\"https:\/\/www.ariciotoankara.com\/\"},{\"@type\":\"ListItem\",\"position\":2,\"name\":\"HASAR DANI\u015eIN\"}]},{\"@type\":\"WebSite\",\"@id\":\"https:\/\/www.ariciotoankara.com\/#website\",\"url\":\"https:\/\/www.ariciotoankara.com\/\",\"name\":\"ARICI OTOMOT\u0130V - KAPORTA BOYA G\u00d6\u00c7\u00dcK D\u00dcZELTME\",\"description\":\"KAPORTA BOYA G\u00d6\u00c7\u00dcK D\u00dcZELTME H\u0130ZMETLER\u0130\",\"publisher\":{\"@id\":\"https:\/\/www.ariciotoankara.com\/#organization\"},\"potentialAction\":[{\"@type\":\"SearchAction\",\"target\":{\"@type\":\"EntryPoint\",\"urlTemplate\":\"https:\/\/www.ariciotoankara.com\/?s={search_term_string}\"},\"query-input\":{\"@type\":\"PropertyValueSpecification\",\"valueRequired\":true,\"valueName\":\"search_term_string\"}}],\"inLanguage\":\"tr\"},{\"@type\":\"Organization\",\"@id\":\"https:\/\/www.ariciotoankara.com\/#organization\",\"name\":\"Ar\u0131c\u0131 Oto Kaporta Boya\",\"url\":\"https:\/\/www.ariciotoankara.com\/\",\"logo\":{\"@type\":\"ImageObject\",\"inLanguage\":\"tr\",\"@id\":\"https:\/\/www.ariciotoankara.com\/#\/schema\/logo\/image\/\",\"url\":\"https:\/\/www.ariciotoankara.com\/wp-content\/uploads\/2018\/05\/aricilogoyazili..jpg\",\"contentUrl\":\"https:\/\/www.ariciotoankara.com\/wp-content\/uploads\/2018\/05\/aricilogoyazili..jpg\",\"width\":409,\"height\":108,\"caption\":\"Ar\u0131c\u0131 Oto Kaporta Boya\"},\"image\":{\"@id\":\"https:\/\/www.ariciotoankara.com\/#\/schema\/logo\/image\/\"}}]}<\/script>\n<!-- \/ Yoast SEO plugin. -->","yoast_head_json":{"title":"HASAR DANI\u015eIN - ARICI OTO KAPORTA ANKARA","robots":{"index":"index","follow":"follow","max-snippet":"max-snippet:-1","max-image-preview":"max-image-preview:large","max-video-preview":"max-video-preview:-1"},"canonical":"https:\/\/www.ariciotoankara.com\/index.php\/ustamizadanisin\/","og_locale":"tr_TR","og_type":"article","og_title":"HASAR DANI\u015eIN - ARICI OTO KAPORTA ANKARA","og_description":"HASAR DANI\u015eMA Hasarl\u0131 arac\u0131n\u0131z foto\u011fraflar\u0131n\u0131 bizimle payla\u015fabilir, fikir alabilirsiniz&#8230; Dosya olarak foto\u011fraf ekleyerek bizlere g\u00f6nderebilirsiniz. \u00d6rnek Foto\u011fraflar ;","og_url":"https:\/\/www.ariciotoankara.com\/index.php\/ustamizadanisin\/","og_site_name":"ARICI OTO KAPORTA ANKARA","article_modified_time":"2021-03-31T06:43:45+00:00","og_image":[{"url":"http:\/\/www.ariciotoankara.com\/wp-content\/uploads\/2018\/05\/3\u00f6-150x150.jpg","type":"","width":"","height":""}],"twitter_card":"summary_large_image","twitter_misc":{"Tahmini okuma s\u00fcresi":"1 dakika"},"schema":{"@context":"https:\/\/schema.org","@graph":[{"@type":"WebPage","@id":"https:\/\/www.ariciotoankara.com\/index.php\/ustamizadanisin\/","url":"https:\/\/www.ariciotoankara.com\/index.php\/ustamizadanisin\/","name":"HASAR DANI\u015eIN - ARICI OTO KAPORTA ANKARA","isPartOf":{"@id":"https:\/\/www.ariciotoankara.com\/#website"},"primaryImageOfPage":{"@id":"https:\/\/www.ariciotoankara.com\/index.php\/ustamizadanisin\/#primaryimage"},"image":{"@id":"https:\/\/www.ariciotoankara.com\/index.php\/ustamizadanisin\/#primaryimage"},"thumbnailUrl":"http:\/\/www.ariciotoankara.com\/wp-content\/uploads\/2018\/05\/4s-150x150.jpg","datePublished":"2018-05-07T10:34:06+00:00","dateModified":"2021-03-31T06:43:45+00:00","breadcrumb":{"@id":"https:\/\/www.ariciotoankara.com\/index.php\/ustamizadanisin\/#breadcrumb"},"inLanguage":"tr","potentialAction":[{"@type":"ReadAction","target":["https:\/\/www.ariciotoankara.com\/index.php\/ustamizadanisin\/"]}]},{"@type":"ImageObject","inLanguage":"tr","@id":"https:\/\/www.ariciotoankara.com\/index.php\/ustamizadanisin\/#primaryimage","url":"https:\/\/www.ariciotoankara.com\/wp-content\/uploads\/2018\/05\/4s.jpg","contentUrl":"https:\/\/www.ariciotoankara.com\/wp-content\/uploads\/2018\/05\/4s.jpg","width":720,"height":540},{"@type":"BreadcrumbList","@id":"https:\/\/www.ariciotoankara.com\/index.php\/ustamizadanisin\/#breadcrumb","itemListElement":[{"@type":"ListItem","position":1,"name":"Ana sayfa","item":"https:\/\/www.ariciotoankara.com\/"},{"@type":"ListItem","position":2,"name":"HASAR DANI\u015eIN"}]},{"@type":"WebSite","@id":"https:\/\/www.ariciotoankara.com\/#website","url":"https:\/\/www.ariciotoankara.com\/","name":"ARICI OTOMOT\u0130V - KAPORTA BOYA G\u00d6\u00c7\u00dcK D\u00dcZELTME","description":"KAPORTA BOYA G\u00d6\u00c7\u00dcK D\u00dcZELTME H\u0130ZMETLER\u0130","publisher":{"@id":"https:\/\/www.ariciotoankara.com\/#organization"},"potentialAction":[{"@type":"SearchAction","target":{"@type":"EntryPoint","urlTemplate":"https:\/\/www.ariciotoankara.com\/?s={search_term_string}"},"query-input":{"@type":"PropertyValueSpecification","valueRequired":true,"valueName":"search_term_string"}}],"inLanguage":"tr"},{"@type":"Organization","@id":"https:\/\/www.ariciotoankara.com\/#organization","name":"Ar\u0131c\u0131 Oto Kaporta Boya","url":"https:\/\/www.ariciotoankara.com\/","logo":{"@type":"ImageObject","inLanguage":"tr","@id":"https:\/\/www.ariciotoankara.com\/#\/schema\/logo\/image\/","url":"https:\/\/www.ariciotoankara.com\/wp-content\/uploads\/2018\/05\/aricilogoyazili..jpg","contentUrl":"https:\/\/www.ariciotoankara.com\/wp-content\/uploads\/2018\/05\/aricilogoyazili..jpg","width":409,"height":108,"caption":"Ar\u0131c\u0131 Oto Kaporta Boya"},"image":{"@id":"https:\/\/www.ariciotoankara.com\/#\/schema\/logo\/image\/"}}]}},"_links":{"self":[{"href":"https:\/\/www.ariciotoankara.com\/index.php\/wp-json\/wp\/v2\/pages\/92","targetHints":{"allow":["GET"]}}],"collection":[{"href":"https:\/\/www.ariciotoankara.com\/index.php\/wp-json\/wp\/v2\/pages"}],"about":[{"href":"https:\/\/www.ariciotoankara.com\/index.php\/wp-json\/wp\/v2\/types\/page"}],"author":[{"embeddable":true,"href":"https:\/\/www.ariciotoankara.com\/index.php\/wp-json\/wp\/v2\/users\/1"}],"replies":[{"embeddable":true,"href":"https:\/\/www.ariciotoankara.com\/index.php\/wp-json\/wp\/v2\/comments?post=92"}],"version-history":[{"count":8,"href":"https:\/\/www.ariciotoankara.com\/index.php\/wp-json\/wp\/v2\/pages\/92\/revisions"}],"predecessor-version":[{"id":562,"href":"https:\/\/www.ariciotoankara.com\/index.php\/wp-json\/wp\/v2\/pages\/92\/revisions\/562"}],"wp:attachment":[{"href":"https:\/\/www.ariciotoankara.com\/index.php\/wp-json\/wp\/v2\/media?parent=92"}],"curies":[{"name":"wp","href":"https:\/\/api.w.org\/{rel}","templated":true}]}}