{"id":91,"date":"2018-05-07T13:34:06","date_gmt":"2018-05-07T10:34:06","guid":{"rendered":"http:\/\/www.ariciotoankara.com\/?page_id=91"},"modified":"2021-03-31T09:43:18","modified_gmt":"2021-03-31T06:43:18","slug":"gocuk-duzeltme","status":"publish","type":"page","link":"https:\/\/www.ariciotoankara.com\/index.php\/gocuk-duzeltme\/","title":{"rendered":"G\u00d6\u00c7\u00dcK D\u00dcZELTME"},"content":{"rendered":"<div class=\"span12\">\n<h3 style=\"text-align: left;\">Boyas\u0131z G\u00f6\u00e7\u00fck D\u00fczeltme<\/h3>\n<p><span style=\"color: #000000;\">(PDR) Boyas\u0131z Kaporta G\u00f6\u00e7\u00fck D\u00fczeltme d\u0131\u015f darbeler sonucu ara\u00e7lar\u0131n kaporta aksamlar\u0131 \u00fczerinde meydana gelen boyan\u0131n zarar g\u00f6rmedi\u011fi kaporta g\u00f6\u00e7\u00fcklerinin \u00f6zel el aletleri ile arac\u0131n orijinal boyas\u0131na zarar vermeden d\u00fczeltilerek eski haline getirilme teknik ve uygulamas\u0131d\u0131r.<\/span><\/p>\n<p><span style=\"color: #000000;\">PDR tekni\u011fi sayesinde arac\u0131n orijinalli\u011fi bozulmaz, ikinci el sat\u0131\u015f\u0131nda de\u011fer kayb\u0131na u\u011framaz. D\u00fczeltme i\u015fleminden net bir sonu\u00e7 al\u0131nabilmesi i\u00e7in kaportada g\u00f6\u00e7\u00fck b\u00f6lgesindeki sa\u00e7\u0131n uzamam\u0131\u015f ve boyan\u0131n zarar g\u00f6rmemi\u015f olmas\u0131 gerekir. Daha \u00f6nce hasar g\u00f6rm\u00fc\u015f, macunlan\u0131p boyanm\u0131\u015f sa\u00e7 veya al\u00fcminyum ala\u015f\u0131ml\u0131 paneller \u00fczerindeki g\u00f6\u00e7\u00fcklerin giderilmesinde PDR tekni\u011fi kullan\u0131lmaz.<\/span><\/p>\n<p><img loading=\"lazy\" decoding=\"async\" class=\"alignleft wp-image-380 \" src=\"http:\/\/www.ariciotoankara.com\/wp-content\/uploads\/2018\/05\/pdrgocuk-1024x363.jpg\" alt=\"\" width=\"555\" height=\"197\" srcset=\"https:\/\/www.ariciotoankara.com\/wp-content\/uploads\/2018\/05\/pdrgocuk-1024x363.jpg 1024w, https:\/\/www.ariciotoankara.com\/wp-content\/uploads\/2018\/05\/pdrgocuk-300x106.jpg 300w, https:\/\/www.ariciotoankara.com\/wp-content\/uploads\/2018\/05\/pdrgocuk-768x272.jpg 768w, https:\/\/www.ariciotoankara.com\/wp-content\/uploads\/2018\/05\/pdrgocuk.jpg 1280w\" sizes=\"auto, (max-width: 555px) 100vw, 555px\" \/><span style=\"color: #000000;\">B\u00f6yle durumlarda macunun ve boyan\u0131n \u00e7atlama ihtimali \u00e7ok y\u00fcksektir. Boyas\u0131z kaporta g\u00f6\u00e7\u00fck d\u00fczeltme i\u015fleminde, \u00fczerinde g\u00f6\u00e7\u00fck bulunan panelin arkas\u0131na \u00f6zel aletlerle ula\u015f\u0131l\u0131r d\u0131\u015fa do\u011fru masaj y\u00f6ntemi ile g\u00f6\u00e7\u00fck d\u00fczeltilir.<\/span><\/p>\n<p><span style=\"color: #000000;\">Ula\u015f\u0131lamayan veya arkas\u0131 kapal\u0131 olan (kap\u0131 direkleri, arka \u00e7amurluk vs.) noktalarda kaporta g\u00f6\u00e7\u00fckleri Yap\u0131\u015ft\u0131rmal\u0131 G\u00f6\u00e7\u00fck \u00c7ektirme seti ile d\u00fczeltilebilirler. 5 cm. \u00e7ap\u0131nda bir g\u00f6\u00e7\u00fc\u011f\u00fcn d\u00fczeltme s\u00fcresi, bulundu\u011fu konuma ba\u011fl\u0131 olarak, ortalama 30-45 dakikad\u0131r.<\/span><\/p>\n<p><span style=\"color: #000000;\"><strong>*<\/strong> Otomobilin orijinalli\u011fi korunur, ikinci elde de\u011fer kaybetmez.<\/span><\/p>\n<p><span style=\"color: #000000;\"><strong>*<\/strong> \u00c7ok daha d\u00fc\u015f\u00fck maliyetli ve k\u0131sa s\u00fcren bir onar\u0131md\u0131r.<\/span><\/p>\n<p><span style=\"color: #000000;\"><strong>*<\/strong> \u00c7evreyi korur. Kimyasal at\u0131k olu\u015fmas\u0131n\u0131 engeller.<\/span><\/p>\n<p><span style=\"color: #000000;\"><strong>*<\/strong> PDR Par\u00e7a de\u011fi\u015fimi veya boya malzemesi gerektirmez.<\/span><\/p>\n<p><span style=\"color: #000000;\">Ar\u0131c\u0131 Otomotiv olarak Ankara\u2019da boyas\u0131z g\u00f6\u00e7\u00fck d\u00fczeltme tekni\u011fini kullanarak y\u00fczlerce araca orijinal g\u00f6r\u00fcn\u00fcm\u00fcn\u00fc bozmadan boyas\u0131z g\u00f6\u00e7\u00fck d\u00fczeltme uygulamas\u0131 yapt\u0131k.<\/span><\/p>\n<p><span style=\"color: #000000;\">Boyas\u0131z g\u00f6\u00e7\u00fck giderme ile ara\u00e7lar\u0131n\u0131z\u0131n hasarlar\u0131n\u0131 onarmak istiyorsan\u0131z servisimize gelin onar\u0131m\u0131 en k\u0131sa s\u00fcrede ger\u00e7ekle\u015ftirelim.<\/span><\/p>\n<\/div>\n","protected":false},"excerpt":{"rendered":"<p>Boyas\u0131z G\u00f6\u00e7\u00fck D\u00fczeltme (PDR) Boyas\u0131z Kaporta G\u00f6\u00e7\u00fck D\u00fczeltme d\u0131\u015f darbeler sonucu ara\u00e7lar\u0131n kaporta aksamlar\u0131 \u00fczerinde meydana gelen boyan\u0131n zarar g\u00f6rmedi\u011fi kaporta g\u00f6\u00e7\u00fcklerinin \u00f6zel el aletleri ile arac\u0131n orijinal boyas\u0131na zarar vermeden d\u00fczeltilerek eski haline getirilme teknik ve uygulamas\u0131d\u0131r. PDR tekni\u011fi sayesinde arac\u0131n orijinalli\u011fi bozulmaz, ikinci el sat\u0131\u015f\u0131nda de\u011fer kayb\u0131na u\u011framaz. D\u00fczeltme i\u015fleminden net bir sonu\u00e7<\/p><\/div>\n<div class=\"blog-btn\"><a href=\"https:\/\/www.ariciotoankara.com\/index.php\/gocuk-duzeltme\/\" class=\"home-blog-btn\">Daha fazlas\u0131n\u0131 oku<\/a><\/p>\n","protected":false},"author":1,"featured_media":0,"parent":0,"menu_order":0,"comment_status":"closed","ping_status":"closed","template":"","meta":{"footnotes":""},"class_list":["post-91","page","type-page","status-publish","hentry"],"yoast_head":"<!-- This site is optimized with the Yoast SEO plugin v26.9 - https:\/\/yoast.com\/product\/yoast-seo-wordpress\/ -->\n<title>G\u00d6\u00c7\u00dcK D\u00dcZELTME - ARICI OTO KAPORTA ANKARA<\/title>\n<meta name=\"robots\" content=\"index, follow, max-snippet:-1, max-image-preview:large, max-video-preview:-1\" \/>\n<link rel=\"canonical\" href=\"https:\/\/www.ariciotoankara.com\/index.php\/gocuk-duzeltme\/\" \/>\n<meta property=\"og:locale\" content=\"tr_TR\" \/>\n<meta property=\"og:type\" content=\"article\" \/>\n<meta property=\"og:title\" content=\"G\u00d6\u00c7\u00dcK D\u00dcZELTME - ARICI OTO KAPORTA ANKARA\" \/>\n<meta property=\"og:description\" content=\"Boyas\u0131z G\u00f6\u00e7\u00fck D\u00fczeltme (PDR) Boyas\u0131z Kaporta G\u00f6\u00e7\u00fck D\u00fczeltme d\u0131\u015f darbeler sonucu ara\u00e7lar\u0131n kaporta aksamlar\u0131 \u00fczerinde meydana gelen boyan\u0131n zarar g\u00f6rmedi\u011fi kaporta g\u00f6\u00e7\u00fcklerinin \u00f6zel el aletleri ile arac\u0131n orijinal boyas\u0131na zarar vermeden d\u00fczeltilerek eski haline getirilme teknik ve uygulamas\u0131d\u0131r. PDR tekni\u011fi sayesinde arac\u0131n orijinalli\u011fi bozulmaz, ikinci el sat\u0131\u015f\u0131nda de\u011fer kayb\u0131na u\u011framaz. D\u00fczeltme i\u015fleminden net bir sonu\u00e7Daha fazlas\u0131n\u0131 oku\" \/>\n<meta property=\"og:url\" content=\"https:\/\/www.ariciotoankara.com\/index.php\/gocuk-duzeltme\/\" \/>\n<meta property=\"og:site_name\" content=\"ARICI OTO KAPORTA ANKARA\" \/>\n<meta property=\"article:modified_time\" content=\"2021-03-31T06:43:18+00:00\" \/>\n<meta property=\"og:image\" content=\"http:\/\/www.ariciotoankara.com\/wp-content\/uploads\/2018\/05\/pdrgocuk-1024x363.jpg\" \/>\n<meta name=\"twitter:card\" content=\"summary_large_image\" \/>\n<meta name=\"twitter:label1\" content=\"Tahmini okuma s\u00fcresi\" \/>\n\t<meta name=\"twitter:data1\" content=\"2 dakika\" \/>\n<script type=\"application\/ld+json\" class=\"yoast-schema-graph\">{\"@context\":\"https:\/\/schema.org\",\"@graph\":[{\"@type\":\"WebPage\",\"@id\":\"https:\/\/www.ariciotoankara.com\/index.php\/gocuk-duzeltme\/\",\"url\":\"https:\/\/www.ariciotoankara.com\/index.php\/gocuk-duzeltme\/\",\"name\":\"G\u00d6\u00c7\u00dcK D\u00dcZELTME - ARICI OTO KAPORTA ANKARA\",\"isPartOf\":{\"@id\":\"https:\/\/www.ariciotoankara.com\/#website\"},\"primaryImageOfPage\":{\"@id\":\"https:\/\/www.ariciotoankara.com\/index.php\/gocuk-duzeltme\/#primaryimage\"},\"image\":{\"@id\":\"https:\/\/www.ariciotoankara.com\/index.php\/gocuk-duzeltme\/#primaryimage\"},\"thumbnailUrl\":\"http:\/\/www.ariciotoankara.com\/wp-content\/uploads\/2018\/05\/pdrgocuk-1024x363.jpg\",\"datePublished\":\"2018-05-07T10:34:06+00:00\",\"dateModified\":\"2021-03-31T06:43:18+00:00\",\"breadcrumb\":{\"@id\":\"https:\/\/www.ariciotoankara.com\/index.php\/gocuk-duzeltme\/#breadcrumb\"},\"inLanguage\":\"tr\",\"potentialAction\":[{\"@type\":\"ReadAction\",\"target\":[\"https:\/\/www.ariciotoankara.com\/index.php\/gocuk-duzeltme\/\"]}]},{\"@type\":\"ImageObject\",\"inLanguage\":\"tr\",\"@id\":\"https:\/\/www.ariciotoankara.com\/index.php\/gocuk-duzeltme\/#primaryimage\",\"url\":\"https:\/\/www.ariciotoankara.com\/wp-content\/uploads\/2018\/05\/pdrgocuk.jpg\",\"contentUrl\":\"https:\/\/www.ariciotoankara.com\/wp-content\/uploads\/2018\/05\/pdrgocuk.jpg\",\"width\":1280,\"height\":454},{\"@type\":\"BreadcrumbList\",\"@id\":\"https:\/\/www.ariciotoankara.com\/index.php\/gocuk-duzeltme\/#breadcrumb\",\"itemListElement\":[{\"@type\":\"ListItem\",\"position\":1,\"name\":\"Ana sayfa\",\"item\":\"https:\/\/www.ariciotoankara.com\/\"},{\"@type\":\"ListItem\",\"position\":2,\"name\":\"G\u00d6\u00c7\u00dcK D\u00dcZELTME\"}]},{\"@type\":\"WebSite\",\"@id\":\"https:\/\/www.ariciotoankara.com\/#website\",\"url\":\"https:\/\/www.ariciotoankara.com\/\",\"name\":\"ARICI OTOMOT\u0130V - KAPORTA BOYA G\u00d6\u00c7\u00dcK D\u00dcZELTME\",\"description\":\"KAPORTA BOYA G\u00d6\u00c7\u00dcK D\u00dcZELTME H\u0130ZMETLER\u0130\",\"publisher\":{\"@id\":\"https:\/\/www.ariciotoankara.com\/#organization\"},\"potentialAction\":[{\"@type\":\"SearchAction\",\"target\":{\"@type\":\"EntryPoint\",\"urlTemplate\":\"https:\/\/www.ariciotoankara.com\/?s={search_term_string}\"},\"query-input\":{\"@type\":\"PropertyValueSpecification\",\"valueRequired\":true,\"valueName\":\"search_term_string\"}}],\"inLanguage\":\"tr\"},{\"@type\":\"Organization\",\"@id\":\"https:\/\/www.ariciotoankara.com\/#organization\",\"name\":\"Ar\u0131c\u0131 Oto Kaporta Boya\",\"url\":\"https:\/\/www.ariciotoankara.com\/\",\"logo\":{\"@type\":\"ImageObject\",\"inLanguage\":\"tr\",\"@id\":\"https:\/\/www.ariciotoankara.com\/#\/schema\/logo\/image\/\",\"url\":\"https:\/\/www.ariciotoankara.com\/wp-content\/uploads\/2018\/05\/aricilogoyazili..jpg\",\"contentUrl\":\"https:\/\/www.ariciotoankara.com\/wp-content\/uploads\/2018\/05\/aricilogoyazili..jpg\",\"width\":409,\"height\":108,\"caption\":\"Ar\u0131c\u0131 Oto Kaporta Boya\"},\"image\":{\"@id\":\"https:\/\/www.ariciotoankara.com\/#\/schema\/logo\/image\/\"}}]}<\/script>\n<!-- \/ Yoast SEO plugin. -->","yoast_head_json":{"title":"G\u00d6\u00c7\u00dcK D\u00dcZELTME - ARICI OTO KAPORTA ANKARA","robots":{"index":"index","follow":"follow","max-snippet":"max-snippet:-1","max-image-preview":"max-image-preview:large","max-video-preview":"max-video-preview:-1"},"canonical":"https:\/\/www.ariciotoankara.com\/index.php\/gocuk-duzeltme\/","og_locale":"tr_TR","og_type":"article","og_title":"G\u00d6\u00c7\u00dcK D\u00dcZELTME - ARICI OTO KAPORTA ANKARA","og_description":"Boyas\u0131z G\u00f6\u00e7\u00fck D\u00fczeltme (PDR) Boyas\u0131z Kaporta G\u00f6\u00e7\u00fck D\u00fczeltme d\u0131\u015f darbeler sonucu ara\u00e7lar\u0131n kaporta aksamlar\u0131 \u00fczerinde meydana gelen boyan\u0131n zarar g\u00f6rmedi\u011fi kaporta g\u00f6\u00e7\u00fcklerinin \u00f6zel el aletleri ile arac\u0131n orijinal boyas\u0131na zarar vermeden d\u00fczeltilerek eski haline getirilme teknik ve uygulamas\u0131d\u0131r. PDR tekni\u011fi sayesinde arac\u0131n orijinalli\u011fi bozulmaz, ikinci el sat\u0131\u015f\u0131nda de\u011fer kayb\u0131na u\u011framaz. D\u00fczeltme i\u015fleminden net bir sonu\u00e7Daha fazlas\u0131n\u0131 oku","og_url":"https:\/\/www.ariciotoankara.com\/index.php\/gocuk-duzeltme\/","og_site_name":"ARICI OTO KAPORTA ANKARA","article_modified_time":"2021-03-31T06:43:18+00:00","og_image":[{"url":"http:\/\/www.ariciotoankara.com\/wp-content\/uploads\/2018\/05\/pdrgocuk-1024x363.jpg","type":"","width":"","height":""}],"twitter_card":"summary_large_image","twitter_misc":{"Tahmini okuma s\u00fcresi":"2 dakika"},"schema":{"@context":"https:\/\/schema.org","@graph":[{"@type":"WebPage","@id":"https:\/\/www.ariciotoankara.com\/index.php\/gocuk-duzeltme\/","url":"https:\/\/www.ariciotoankara.com\/index.php\/gocuk-duzeltme\/","name":"G\u00d6\u00c7\u00dcK D\u00dcZELTME - ARICI OTO KAPORTA ANKARA","isPartOf":{"@id":"https:\/\/www.ariciotoankara.com\/#website"},"primaryImageOfPage":{"@id":"https:\/\/www.ariciotoankara.com\/index.php\/gocuk-duzeltme\/#primaryimage"},"image":{"@id":"https:\/\/www.ariciotoankara.com\/index.php\/gocuk-duzeltme\/#primaryimage"},"thumbnailUrl":"http:\/\/www.ariciotoankara.com\/wp-content\/uploads\/2018\/05\/pdrgocuk-1024x363.jpg","datePublished":"2018-05-07T10:34:06+00:00","dateModified":"2021-03-31T06:43:18+00:00","breadcrumb":{"@id":"https:\/\/www.ariciotoankara.com\/index.php\/gocuk-duzeltme\/#breadcrumb"},"inLanguage":"tr","potentialAction":[{"@type":"ReadAction","target":["https:\/\/www.ariciotoankara.com\/index.php\/gocuk-duzeltme\/"]}]},{"@type":"ImageObject","inLanguage":"tr","@id":"https:\/\/www.ariciotoankara.com\/index.php\/gocuk-duzeltme\/#primaryimage","url":"https:\/\/www.ariciotoankara.com\/wp-content\/uploads\/2018\/05\/pdrgocuk.jpg","contentUrl":"https:\/\/www.ariciotoankara.com\/wp-content\/uploads\/2018\/05\/pdrgocuk.jpg","width":1280,"height":454},{"@type":"BreadcrumbList","@id":"https:\/\/www.ariciotoankara.com\/index.php\/gocuk-duzeltme\/#breadcrumb","itemListElement":[{"@type":"ListItem","position":1,"name":"Ana sayfa","item":"https:\/\/www.ariciotoankara.com\/"},{"@type":"ListItem","position":2,"name":"G\u00d6\u00c7\u00dcK D\u00dcZELTME"}]},{"@type":"WebSite","@id":"https:\/\/www.ariciotoankara.com\/#website","url":"https:\/\/www.ariciotoankara.com\/","name":"ARICI OTOMOT\u0130V - KAPORTA BOYA G\u00d6\u00c7\u00dcK D\u00dcZELTME","description":"KAPORTA BOYA G\u00d6\u00c7\u00dcK D\u00dcZELTME H\u0130ZMETLER\u0130","publisher":{"@id":"https:\/\/www.ariciotoankara.com\/#organization"},"potentialAction":[{"@type":"SearchAction","target":{"@type":"EntryPoint","urlTemplate":"https:\/\/www.ariciotoankara.com\/?s={search_term_string}"},"query-input":{"@type":"PropertyValueSpecification","valueRequired":true,"valueName":"search_term_string"}}],"inLanguage":"tr"},{"@type":"Organization","@id":"https:\/\/www.ariciotoankara.com\/#organization","name":"Ar\u0131c\u0131 Oto Kaporta Boya","url":"https:\/\/www.ariciotoankara.com\/","logo":{"@type":"ImageObject","inLanguage":"tr","@id":"https:\/\/www.ariciotoankara.com\/#\/schema\/logo\/image\/","url":"https:\/\/www.ariciotoankara.com\/wp-content\/uploads\/2018\/05\/aricilogoyazili..jpg","contentUrl":"https:\/\/www.ariciotoankara.com\/wp-content\/uploads\/2018\/05\/aricilogoyazili..jpg","width":409,"height":108,"caption":"Ar\u0131c\u0131 Oto Kaporta Boya"},"image":{"@id":"https:\/\/www.ariciotoankara.com\/#\/schema\/logo\/image\/"}}]}},"_links":{"self":[{"href":"https:\/\/www.ariciotoankara.com\/index.php\/wp-json\/wp\/v2\/pages\/91","targetHints":{"allow":["GET"]}}],"collection":[{"href":"https:\/\/www.ariciotoankara.com\/index.php\/wp-json\/wp\/v2\/pages"}],"about":[{"href":"https:\/\/www.ariciotoankara.com\/index.php\/wp-json\/wp\/v2\/types\/page"}],"author":[{"embeddable":true,"href":"https:\/\/www.ariciotoankara.com\/index.php\/wp-json\/wp\/v2\/users\/1"}],"replies":[{"embeddable":true,"href":"https:\/\/www.ariciotoankara.com\/index.php\/wp-json\/wp\/v2\/comments?post=91"}],"version-history":[{"count":15,"href":"https:\/\/www.ariciotoankara.com\/index.php\/wp-json\/wp\/v2\/pages\/91\/revisions"}],"predecessor-version":[{"id":561,"href":"https:\/\/www.ariciotoankara.com\/index.php\/wp-json\/wp\/v2\/pages\/91\/revisions\/561"}],"wp:attachment":[{"href":"https:\/\/www.ariciotoankara.com\/index.php\/wp-json\/wp\/v2\/media?parent=91"}],"curies":[{"name":"wp","href":"https:\/\/api.w.org\/{rel}","templated":true}]}}