{"id":90,"date":"2018-05-07T13:34:06","date_gmt":"2018-05-07T10:34:06","guid":{"rendered":"http:\/\/www.ariciotoankara.com\/?page_id=90"},"modified":"2021-03-31T09:44:41","modified_gmt":"2021-03-31T06:44:41","slug":"kaporta-boya","status":"publish","type":"page","link":"https:\/\/www.ariciotoankara.com\/index.php\/kaporta-boya\/","title":{"rendered":"KAPORTA BOYA H\u0130ZMETLER\u0130M\u0130Z"},"content":{"rendered":"<div class=\"span12\">\n<div class=\"divide-line\">\n<div class=\"span12\">\n<div class=\"divide-line\">\n<h3 class=\"icon icons-mechanic\" style=\"text-align: left;\"><strong><span class=\"light\">Oto<\/span>\u00a0Kaporta ve Boya<\/strong><\/h3>\n<\/div>\n<\/div>\n<div class=\"span12\">\n<p>Profesyonel ekipman ve uzman bir kadroyla hasarl\u0131 otomobiller dahi ilk g\u00fcnk\u00fc \u00f6zenli haline geri d\u00f6nd\u00fcr\u00fclebilmekte; her model i\u00e7in ayr\u0131 jigler kullan\u0131larak milimetrik ayr\u0131nt\u0131larda d\u00fczeltmeler yap\u0131labilmektedir. \u0130\u015flemlerin t\u00fcm a\u015famalar\u0131 pozitif bas\u0131n\u00e7l\u0131, \u0131s\u0131, nem ve rentilasyon y\u00f6n\u00fcnden klimatize edilmi\u015f \u00f6zel kabinlerde uygulanmaktad\u0131r.<\/p>\n<p>Y\u00fcksek Hizmet Kalitemiz ve S\u0131n\u0131rs\u0131z Tecr\u00fcbemizden Faydalanman\u0131z \u0130\u00e7in Sizleri Servisimize Bekliyoruz\u2026<\/p>\n<\/div>\n<\/div>\n<\/div>\n<div class=\"span12\">\n<p>Boya konusunda t\u00fcm teknik donan\u0131ma sahip olan servisimizde, boya-mix teknolojisi ile orijinal kodunda haz\u0131rlanan ve kesinlikle yerli malzeme kullan\u0131lmadan boya f\u0131r\u0131n\u0131nda t\u00fcm d\u0131\u015f etkenlerden muhafaza edilerek arac\u0131n\u0131z boyama i\u015fine girer.<\/p>\n<p>Kaporta d\u00fczeltme, kaporta par\u00e7a de\u011fi\u015fimi, k\u0131smi kesim ve par\u00e7a ekleme i\u015flemleri, Firmam\u0131z b\u00fcnyesinde bulunan uzman personel ve teknik donan\u0131m\u0131 ile t\u00fcm kaporta hasarlar\u0131na profesyonel \u00e7\u00f6z\u00fcmler \u00fcretmektedir.\u00a0Her marka ve model binek arac\u0131n gerek yedek par\u00e7a temini, gerek montaj\u0131 ve gerekse boyama i\u015flemleri son model cihazlar\u0131m\u0131zla ve en son teknoloji f\u0131r\u0131n sistemi ile ger\u00e7ekle\u015ftirilmektedir.<\/p>\n<p>M\u00fc\u015fterilerimizin ihtiya\u00e7 durumuna g\u00f6re her t\u00fcrl\u00fc orijinal yedek par\u00e7alar\u0131n temini m\u00fcmk\u00fcnd\u00fcr. T\u00fcm sigorta firmalar\u0131ndan gelen kasko ve trafik hasar i\u015flemleri firmam\u0131z taraf\u0131ndan takip ediliyor.<\/p>\n<div class=\"span12\">\n<h3 class=\"icon icons-mechanic\"><img loading=\"lazy\" decoding=\"async\" class=\"wp-image-534 alignleft\" style=\"font-size: 16px;\" src=\"http:\/\/www.ariciotoankara.com\/wp-content\/uploads\/2018\/05\/kaportaa-1-300x215.jpg\" alt=\"\" width=\"277\" height=\"199\" srcset=\"https:\/\/www.ariciotoankara.com\/wp-content\/uploads\/2018\/05\/kaportaa-1-300x215.jpg 300w, https:\/\/www.ariciotoankara.com\/wp-content\/uploads\/2018\/05\/kaportaa-1-768x551.jpg 768w, https:\/\/www.ariciotoankara.com\/wp-content\/uploads\/2018\/05\/kaportaa-1-1024x735.jpg 1024w, https:\/\/www.ariciotoankara.com\/wp-content\/uploads\/2018\/05\/kaportaa-1.jpg 1115w\" sizes=\"auto, (max-width: 277px) 100vw, 277px\" \/><\/h3>\n<h3 class=\"icon icons-mechanic\"><strong><span class=\"light\"><img loading=\"lazy\" decoding=\"async\" class=\"wp-image-535 alignleft\" src=\"http:\/\/www.ariciotoankara.com\/wp-content\/uploads\/2018\/05\/carbodyrepair-300x225.jpg\" alt=\"\" width=\"265\" height=\"199\" srcset=\"https:\/\/www.ariciotoankara.com\/wp-content\/uploads\/2018\/05\/carbodyrepair-300x225.jpg 300w, https:\/\/www.ariciotoankara.com\/wp-content\/uploads\/2018\/05\/carbodyrepair-768x576.jpg 768w, https:\/\/www.ariciotoankara.com\/wp-content\/uploads\/2018\/05\/carbodyrepair-1024x768.jpg 1024w, https:\/\/www.ariciotoankara.com\/wp-content\/uploads\/2018\/05\/carbodyrepair.jpg 1060w\" sizes=\"auto, (max-width: 265px) 100vw, 265px\" \/><\/span><\/strong><\/h3>\n<h3 class=\"icon icons-mechanic\"><strong><span class=\"light\"><img loading=\"lazy\" decoding=\"async\" class=\"size-medium wp-image-536 alignleft\" src=\"http:\/\/www.ariciotoankara.com\/wp-content\/uploads\/2018\/05\/carpaint-300x199.jpg\" alt=\"\" width=\"300\" height=\"199\" srcset=\"https:\/\/www.ariciotoankara.com\/wp-content\/uploads\/2018\/05\/carpaint-300x199.jpg 300w, https:\/\/www.ariciotoankara.com\/wp-content\/uploads\/2018\/05\/carpaint.jpg 629w\" sizes=\"auto, (max-width: 300px) 100vw, 300px\" \/><\/span><\/strong><\/h3>\n<h3 class=\"icon icons-mechanic\"><\/h3>\n<\/div>\n<\/div>\n","protected":false},"excerpt":{"rendered":"<p>Oto\u00a0Kaporta ve Boya Profesyonel ekipman ve uzman bir kadroyla hasarl\u0131 otomobiller dahi ilk g\u00fcnk\u00fc \u00f6zenli haline geri d\u00f6nd\u00fcr\u00fclebilmekte; her model i\u00e7in ayr\u0131 jigler kullan\u0131larak milimetrik ayr\u0131nt\u0131larda d\u00fczeltmeler yap\u0131labilmektedir. \u0130\u015flemlerin t\u00fcm a\u015famalar\u0131 pozitif bas\u0131n\u00e7l\u0131, \u0131s\u0131, nem ve rentilasyon y\u00f6n\u00fcnden klimatize edilmi\u015f \u00f6zel kabinlerde uygulanmaktad\u0131r. Y\u00fcksek Hizmet Kalitemiz ve S\u0131n\u0131rs\u0131z Tecr\u00fcbemizden Faydalanman\u0131z \u0130\u00e7in Sizleri Servisimize Bekliyoruz\u2026 Boya<\/p><\/div>\n<div class=\"blog-btn\"><a href=\"https:\/\/www.ariciotoankara.com\/index.php\/kaporta-boya\/\" class=\"home-blog-btn\">Daha fazlas\u0131n\u0131 oku<\/a><\/p>\n","protected":false},"author":1,"featured_media":0,"parent":0,"menu_order":0,"comment_status":"closed","ping_status":"closed","template":"","meta":{"footnotes":""},"class_list":["post-90","page","type-page","status-publish","hentry"],"yoast_head":"<!-- This site is optimized with the Yoast SEO plugin v26.9 - https:\/\/yoast.com\/product\/yoast-seo-wordpress\/ -->\n<title>KAPORTA BOYA H\u0130ZMETLER\u0130M\u0130Z - ARICI OTO KAPORTA ANKARA<\/title>\n<meta name=\"robots\" content=\"index, follow, max-snippet:-1, max-image-preview:large, max-video-preview:-1\" \/>\n<link rel=\"canonical\" href=\"https:\/\/www.ariciotoankara.com\/index.php\/kaporta-boya\/\" \/>\n<meta property=\"og:locale\" content=\"tr_TR\" \/>\n<meta property=\"og:type\" content=\"article\" \/>\n<meta property=\"og:title\" content=\"KAPORTA BOYA H\u0130ZMETLER\u0130M\u0130Z - ARICI OTO KAPORTA ANKARA\" \/>\n<meta property=\"og:description\" content=\"Oto\u00a0Kaporta ve Boya Profesyonel ekipman ve uzman bir kadroyla hasarl\u0131 otomobiller dahi ilk g\u00fcnk\u00fc \u00f6zenli haline geri d\u00f6nd\u00fcr\u00fclebilmekte; her model i\u00e7in ayr\u0131 jigler kullan\u0131larak milimetrik ayr\u0131nt\u0131larda d\u00fczeltmeler yap\u0131labilmektedir. \u0130\u015flemlerin t\u00fcm a\u015famalar\u0131 pozitif bas\u0131n\u00e7l\u0131, \u0131s\u0131, nem ve rentilasyon y\u00f6n\u00fcnden klimatize edilmi\u015f \u00f6zel kabinlerde uygulanmaktad\u0131r. Y\u00fcksek Hizmet Kalitemiz ve S\u0131n\u0131rs\u0131z Tecr\u00fcbemizden Faydalanman\u0131z \u0130\u00e7in Sizleri Servisimize Bekliyoruz\u2026 BoyaDaha fazlas\u0131n\u0131 oku\" \/>\n<meta property=\"og:url\" content=\"https:\/\/www.ariciotoankara.com\/index.php\/kaporta-boya\/\" \/>\n<meta property=\"og:site_name\" content=\"ARICI OTO KAPORTA ANKARA\" \/>\n<meta property=\"article:modified_time\" content=\"2021-03-31T06:44:41+00:00\" \/>\n<meta property=\"og:image\" content=\"http:\/\/www.ariciotoankara.com\/wp-content\/uploads\/2018\/05\/kaportaa-1-300x215.jpg\" \/>\n<meta name=\"twitter:card\" content=\"summary_large_image\" \/>\n<meta name=\"twitter:label1\" content=\"Tahmini okuma s\u00fcresi\" \/>\n\t<meta name=\"twitter:data1\" content=\"2 dakika\" \/>\n<script type=\"application\/ld+json\" class=\"yoast-schema-graph\">{\"@context\":\"https:\/\/schema.org\",\"@graph\":[{\"@type\":\"WebPage\",\"@id\":\"https:\/\/www.ariciotoankara.com\/index.php\/kaporta-boya\/\",\"url\":\"https:\/\/www.ariciotoankara.com\/index.php\/kaporta-boya\/\",\"name\":\"KAPORTA BOYA H\u0130ZMETLER\u0130M\u0130Z - ARICI OTO KAPORTA ANKARA\",\"isPartOf\":{\"@id\":\"https:\/\/www.ariciotoankara.com\/#website\"},\"primaryImageOfPage\":{\"@id\":\"https:\/\/www.ariciotoankara.com\/index.php\/kaporta-boya\/#primaryimage\"},\"image\":{\"@id\":\"https:\/\/www.ariciotoankara.com\/index.php\/kaporta-boya\/#primaryimage\"},\"thumbnailUrl\":\"http:\/\/www.ariciotoankara.com\/wp-content\/uploads\/2018\/05\/kaportaa-1-300x215.jpg\",\"datePublished\":\"2018-05-07T10:34:06+00:00\",\"dateModified\":\"2021-03-31T06:44:41+00:00\",\"breadcrumb\":{\"@id\":\"https:\/\/www.ariciotoankara.com\/index.php\/kaporta-boya\/#breadcrumb\"},\"inLanguage\":\"tr\",\"potentialAction\":[{\"@type\":\"ReadAction\",\"target\":[\"https:\/\/www.ariciotoankara.com\/index.php\/kaporta-boya\/\"]}]},{\"@type\":\"ImageObject\",\"inLanguage\":\"tr\",\"@id\":\"https:\/\/www.ariciotoankara.com\/index.php\/kaporta-boya\/#primaryimage\",\"url\":\"https:\/\/www.ariciotoankara.com\/wp-content\/uploads\/2018\/05\/kaportaa-1.jpg\",\"contentUrl\":\"https:\/\/www.ariciotoankara.com\/wp-content\/uploads\/2018\/05\/kaportaa-1.jpg\",\"width\":1115,\"height\":800},{\"@type\":\"BreadcrumbList\",\"@id\":\"https:\/\/www.ariciotoankara.com\/index.php\/kaporta-boya\/#breadcrumb\",\"itemListElement\":[{\"@type\":\"ListItem\",\"position\":1,\"name\":\"Ana sayfa\",\"item\":\"https:\/\/www.ariciotoankara.com\/\"},{\"@type\":\"ListItem\",\"position\":2,\"name\":\"KAPORTA BOYA H\u0130ZMETLER\u0130M\u0130Z\"}]},{\"@type\":\"WebSite\",\"@id\":\"https:\/\/www.ariciotoankara.com\/#website\",\"url\":\"https:\/\/www.ariciotoankara.com\/\",\"name\":\"ARICI OTOMOT\u0130V - KAPORTA BOYA G\u00d6\u00c7\u00dcK D\u00dcZELTME\",\"description\":\"KAPORTA BOYA G\u00d6\u00c7\u00dcK D\u00dcZELTME H\u0130ZMETLER\u0130\",\"publisher\":{\"@id\":\"https:\/\/www.ariciotoankara.com\/#organization\"},\"potentialAction\":[{\"@type\":\"SearchAction\",\"target\":{\"@type\":\"EntryPoint\",\"urlTemplate\":\"https:\/\/www.ariciotoankara.com\/?s={search_term_string}\"},\"query-input\":{\"@type\":\"PropertyValueSpecification\",\"valueRequired\":true,\"valueName\":\"search_term_string\"}}],\"inLanguage\":\"tr\"},{\"@type\":\"Organization\",\"@id\":\"https:\/\/www.ariciotoankara.com\/#organization\",\"name\":\"Ar\u0131c\u0131 Oto Kaporta Boya\",\"url\":\"https:\/\/www.ariciotoankara.com\/\",\"logo\":{\"@type\":\"ImageObject\",\"inLanguage\":\"tr\",\"@id\":\"https:\/\/www.ariciotoankara.com\/#\/schema\/logo\/image\/\",\"url\":\"https:\/\/www.ariciotoankara.com\/wp-content\/uploads\/2018\/05\/aricilogoyazili..jpg\",\"contentUrl\":\"https:\/\/www.ariciotoankara.com\/wp-content\/uploads\/2018\/05\/aricilogoyazili..jpg\",\"width\":409,\"height\":108,\"caption\":\"Ar\u0131c\u0131 Oto Kaporta Boya\"},\"image\":{\"@id\":\"https:\/\/www.ariciotoankara.com\/#\/schema\/logo\/image\/\"}}]}<\/script>\n<!-- \/ Yoast SEO plugin. -->","yoast_head_json":{"title":"KAPORTA BOYA H\u0130ZMETLER\u0130M\u0130Z - ARICI OTO KAPORTA ANKARA","robots":{"index":"index","follow":"follow","max-snippet":"max-snippet:-1","max-image-preview":"max-image-preview:large","max-video-preview":"max-video-preview:-1"},"canonical":"https:\/\/www.ariciotoankara.com\/index.php\/kaporta-boya\/","og_locale":"tr_TR","og_type":"article","og_title":"KAPORTA BOYA H\u0130ZMETLER\u0130M\u0130Z - ARICI OTO KAPORTA ANKARA","og_description":"Oto\u00a0Kaporta ve Boya Profesyonel ekipman ve uzman bir kadroyla hasarl\u0131 otomobiller dahi ilk g\u00fcnk\u00fc \u00f6zenli haline geri d\u00f6nd\u00fcr\u00fclebilmekte; her model i\u00e7in ayr\u0131 jigler kullan\u0131larak milimetrik ayr\u0131nt\u0131larda d\u00fczeltmeler yap\u0131labilmektedir. \u0130\u015flemlerin t\u00fcm a\u015famalar\u0131 pozitif bas\u0131n\u00e7l\u0131, \u0131s\u0131, nem ve rentilasyon y\u00f6n\u00fcnden klimatize edilmi\u015f \u00f6zel kabinlerde uygulanmaktad\u0131r. Y\u00fcksek Hizmet Kalitemiz ve S\u0131n\u0131rs\u0131z Tecr\u00fcbemizden Faydalanman\u0131z \u0130\u00e7in Sizleri Servisimize Bekliyoruz\u2026 BoyaDaha fazlas\u0131n\u0131 oku","og_url":"https:\/\/www.ariciotoankara.com\/index.php\/kaporta-boya\/","og_site_name":"ARICI OTO KAPORTA ANKARA","article_modified_time":"2021-03-31T06:44:41+00:00","og_image":[{"url":"http:\/\/www.ariciotoankara.com\/wp-content\/uploads\/2018\/05\/kaportaa-1-300x215.jpg","type":"","width":"","height":""}],"twitter_card":"summary_large_image","twitter_misc":{"Tahmini okuma s\u00fcresi":"2 dakika"},"schema":{"@context":"https:\/\/schema.org","@graph":[{"@type":"WebPage","@id":"https:\/\/www.ariciotoankara.com\/index.php\/kaporta-boya\/","url":"https:\/\/www.ariciotoankara.com\/index.php\/kaporta-boya\/","name":"KAPORTA BOYA H\u0130ZMETLER\u0130M\u0130Z - ARICI OTO KAPORTA ANKARA","isPartOf":{"@id":"https:\/\/www.ariciotoankara.com\/#website"},"primaryImageOfPage":{"@id":"https:\/\/www.ariciotoankara.com\/index.php\/kaporta-boya\/#primaryimage"},"image":{"@id":"https:\/\/www.ariciotoankara.com\/index.php\/kaporta-boya\/#primaryimage"},"thumbnailUrl":"http:\/\/www.ariciotoankara.com\/wp-content\/uploads\/2018\/05\/kaportaa-1-300x215.jpg","datePublished":"2018-05-07T10:34:06+00:00","dateModified":"2021-03-31T06:44:41+00:00","breadcrumb":{"@id":"https:\/\/www.ariciotoankara.com\/index.php\/kaporta-boya\/#breadcrumb"},"inLanguage":"tr","potentialAction":[{"@type":"ReadAction","target":["https:\/\/www.ariciotoankara.com\/index.php\/kaporta-boya\/"]}]},{"@type":"ImageObject","inLanguage":"tr","@id":"https:\/\/www.ariciotoankara.com\/index.php\/kaporta-boya\/#primaryimage","url":"https:\/\/www.ariciotoankara.com\/wp-content\/uploads\/2018\/05\/kaportaa-1.jpg","contentUrl":"https:\/\/www.ariciotoankara.com\/wp-content\/uploads\/2018\/05\/kaportaa-1.jpg","width":1115,"height":800},{"@type":"BreadcrumbList","@id":"https:\/\/www.ariciotoankara.com\/index.php\/kaporta-boya\/#breadcrumb","itemListElement":[{"@type":"ListItem","position":1,"name":"Ana sayfa","item":"https:\/\/www.ariciotoankara.com\/"},{"@type":"ListItem","position":2,"name":"KAPORTA BOYA H\u0130ZMETLER\u0130M\u0130Z"}]},{"@type":"WebSite","@id":"https:\/\/www.ariciotoankara.com\/#website","url":"https:\/\/www.ariciotoankara.com\/","name":"ARICI OTOMOT\u0130V - KAPORTA BOYA G\u00d6\u00c7\u00dcK D\u00dcZELTME","description":"KAPORTA BOYA G\u00d6\u00c7\u00dcK D\u00dcZELTME H\u0130ZMETLER\u0130","publisher":{"@id":"https:\/\/www.ariciotoankara.com\/#organization"},"potentialAction":[{"@type":"SearchAction","target":{"@type":"EntryPoint","urlTemplate":"https:\/\/www.ariciotoankara.com\/?s={search_term_string}"},"query-input":{"@type":"PropertyValueSpecification","valueRequired":true,"valueName":"search_term_string"}}],"inLanguage":"tr"},{"@type":"Organization","@id":"https:\/\/www.ariciotoankara.com\/#organization","name":"Ar\u0131c\u0131 Oto Kaporta Boya","url":"https:\/\/www.ariciotoankara.com\/","logo":{"@type":"ImageObject","inLanguage":"tr","@id":"https:\/\/www.ariciotoankara.com\/#\/schema\/logo\/image\/","url":"https:\/\/www.ariciotoankara.com\/wp-content\/uploads\/2018\/05\/aricilogoyazili..jpg","contentUrl":"https:\/\/www.ariciotoankara.com\/wp-content\/uploads\/2018\/05\/aricilogoyazili..jpg","width":409,"height":108,"caption":"Ar\u0131c\u0131 Oto Kaporta Boya"},"image":{"@id":"https:\/\/www.ariciotoankara.com\/#\/schema\/logo\/image\/"}}]}},"_links":{"self":[{"href":"https:\/\/www.ariciotoankara.com\/index.php\/wp-json\/wp\/v2\/pages\/90","targetHints":{"allow":["GET"]}}],"collection":[{"href":"https:\/\/www.ariciotoankara.com\/index.php\/wp-json\/wp\/v2\/pages"}],"about":[{"href":"https:\/\/www.ariciotoankara.com\/index.php\/wp-json\/wp\/v2\/types\/page"}],"author":[{"embeddable":true,"href":"https:\/\/www.ariciotoankara.com\/index.php\/wp-json\/wp\/v2\/users\/1"}],"replies":[{"embeddable":true,"href":"https:\/\/www.ariciotoankara.com\/index.php\/wp-json\/wp\/v2\/comments?post=90"}],"version-history":[{"count":26,"href":"https:\/\/www.ariciotoankara.com\/index.php\/wp-json\/wp\/v2\/pages\/90\/revisions"}],"predecessor-version":[{"id":564,"href":"https:\/\/www.ariciotoankara.com\/index.php\/wp-json\/wp\/v2\/pages\/90\/revisions\/564"}],"wp:attachment":[{"href":"https:\/\/www.ariciotoankara.com\/index.php\/wp-json\/wp\/v2\/media?parent=90"}],"curies":[{"name":"wp","href":"https:\/\/api.w.org\/{rel}","templated":true}]}}