{"id":21,"date":"2018-05-03T06:50:36","date_gmt":"2018-05-03T03:50:36","guid":{"rendered":"http:\/\/www.ariciotoankara.com\/index.php\/home\/"},"modified":"2018-05-20T22:17:54","modified_gmt":"2018-05-20T19:17:54","slug":"home","status":"publish","type":"page","link":"https:\/\/www.ariciotoankara.com\/","title":{"rendered":"ANASAYFA"},"content":{"rendered":"","protected":false},"excerpt":{"rendered":"","protected":false},"author":1,"featured_media":0,"parent":0,"menu_order":0,"comment_status":"closed","ping_status":"closed","template":"template-business.php","meta":{"footnotes":""},"class_list":["post-21","page","type-page","status-publish","hentry"],"yoast_head":"<!-- This site is optimized with the Yoast SEO plugin v26.9 - https:\/\/yoast.com\/product\/yoast-seo-wordpress\/ -->\n<title>ANASAYFA - ARICI OTO KAPORTA ANKARA<\/title>\n<meta name=\"robots\" content=\"index, follow, max-snippet:-1, max-image-preview:large, max-video-preview:-1\" \/>\n<link rel=\"canonical\" href=\"https:\/\/www.ariciotoankara.com\/\" \/>\n<meta property=\"og:locale\" content=\"tr_TR\" \/>\n<meta property=\"og:type\" content=\"article\" \/>\n<meta property=\"og:title\" content=\"ANASAYFA - ARICI OTO KAPORTA ANKARA\" \/>\n<meta property=\"og:url\" content=\"https:\/\/www.ariciotoankara.com\/\" \/>\n<meta property=\"og:site_name\" content=\"ARICI OTO KAPORTA ANKARA\" \/>\n<meta property=\"article:modified_time\" content=\"2018-05-20T19:17:54+00:00\" \/>\n<meta name=\"twitter:card\" content=\"summary_large_image\" \/>\n<script type=\"application\/ld+json\" class=\"yoast-schema-graph\">{\"@context\":\"https:\/\/schema.org\",\"@graph\":[{\"@type\":\"WebPage\",\"@id\":\"https:\/\/www.ariciotoankara.com\/\",\"url\":\"https:\/\/www.ariciotoankara.com\/\",\"name\":\"ANASAYFA - ARICI OTO KAPORTA ANKARA\",\"isPartOf\":{\"@id\":\"https:\/\/www.ariciotoankara.com\/#website\"},\"datePublished\":\"2018-05-03T03:50:36+00:00\",\"dateModified\":\"2018-05-20T19:17:54+00:00\",\"breadcrumb\":{\"@id\":\"https:\/\/www.ariciotoankara.com\/#breadcrumb\"},\"inLanguage\":\"tr\",\"potentialAction\":[{\"@type\":\"ReadAction\",\"target\":[\"https:\/\/www.ariciotoankara.com\/\"]}]},{\"@type\":\"BreadcrumbList\",\"@id\":\"https:\/\/www.ariciotoankara.com\/#breadcrumb\",\"itemListElement\":[{\"@type\":\"ListItem\",\"position\":1,\"name\":\"Ana sayfa\",\"item\":\"https:\/\/www.ariciotoankara.com\/\"},{\"@type\":\"ListItem\",\"position\":2,\"name\":\"ANASAYFA\"}]},{\"@type\":\"WebSite\",\"@id\":\"https:\/\/www.ariciotoankara.com\/#website\",\"url\":\"https:\/\/www.ariciotoankara.com\/\",\"name\":\"ARICI OTOMOT\u0130V - KAPORTA BOYA G\u00d6\u00c7\u00dcK D\u00dcZELTME\",\"description\":\"KAPORTA BOYA G\u00d6\u00c7\u00dcK D\u00dcZELTME H\u0130ZMETLER\u0130\",\"publisher\":{\"@id\":\"https:\/\/www.ariciotoankara.com\/#organization\"},\"potentialAction\":[{\"@type\":\"SearchAction\",\"target\":{\"@type\":\"EntryPoint\",\"urlTemplate\":\"https:\/\/www.ariciotoankara.com\/?s={search_term_string}\"},\"query-input\":{\"@type\":\"PropertyValueSpecification\",\"valueRequired\":true,\"valueName\":\"search_term_string\"}}],\"inLanguage\":\"tr\"},{\"@type\":\"Organization\",\"@id\":\"https:\/\/www.ariciotoankara.com\/#organization\",\"name\":\"Ar\u0131c\u0131 Oto Kaporta Boya\",\"url\":\"https:\/\/www.ariciotoankara.com\/\",\"logo\":{\"@type\":\"ImageObject\",\"inLanguage\":\"tr\",\"@id\":\"https:\/\/www.ariciotoankara.com\/#\/schema\/logo\/image\/\",\"url\":\"https:\/\/www.ariciotoankara.com\/wp-content\/uploads\/2018\/05\/aricilogoyazili..jpg\",\"contentUrl\":\"https:\/\/www.ariciotoankara.com\/wp-content\/uploads\/2018\/05\/aricilogoyazili..jpg\",\"width\":409,\"height\":108,\"caption\":\"Ar\u0131c\u0131 Oto Kaporta Boya\"},\"image\":{\"@id\":\"https:\/\/www.ariciotoankara.com\/#\/schema\/logo\/image\/\"}}]}<\/script>\n<!-- \/ Yoast SEO plugin. -->","yoast_head_json":{"title":"ANASAYFA - ARICI OTO KAPORTA ANKARA","robots":{"index":"index","follow":"follow","max-snippet":"max-snippet:-1","max-image-preview":"max-image-preview:large","max-video-preview":"max-video-preview:-1"},"canonical":"https:\/\/www.ariciotoankara.com\/","og_locale":"tr_TR","og_type":"article","og_title":"ANASAYFA - ARICI OTO KAPORTA ANKARA","og_url":"https:\/\/www.ariciotoankara.com\/","og_site_name":"ARICI OTO KAPORTA ANKARA","article_modified_time":"2018-05-20T19:17:54+00:00","twitter_card":"summary_large_image","schema":{"@context":"https:\/\/schema.org","@graph":[{"@type":"WebPage","@id":"https:\/\/www.ariciotoankara.com\/","url":"https:\/\/www.ariciotoankara.com\/","name":"ANASAYFA - ARICI OTO KAPORTA ANKARA","isPartOf":{"@id":"https:\/\/www.ariciotoankara.com\/#website"},"datePublished":"2018-05-03T03:50:36+00:00","dateModified":"2018-05-20T19:17:54+00:00","breadcrumb":{"@id":"https:\/\/www.ariciotoankara.com\/#breadcrumb"},"inLanguage":"tr","potentialAction":[{"@type":"ReadAction","target":["https:\/\/www.ariciotoankara.com\/"]}]},{"@type":"BreadcrumbList","@id":"https:\/\/www.ariciotoankara.com\/#breadcrumb","itemListElement":[{"@type":"ListItem","position":1,"name":"Ana sayfa","item":"https:\/\/www.ariciotoankara.com\/"},{"@type":"ListItem","position":2,"name":"ANASAYFA"}]},{"@type":"WebSite","@id":"https:\/\/www.ariciotoankara.com\/#website","url":"https:\/\/www.ariciotoankara.com\/","name":"ARICI OTOMOT\u0130V - KAPORTA BOYA G\u00d6\u00c7\u00dcK D\u00dcZELTME","description":"KAPORTA BOYA G\u00d6\u00c7\u00dcK D\u00dcZELTME H\u0130ZMETLER\u0130","publisher":{"@id":"https:\/\/www.ariciotoankara.com\/#organization"},"potentialAction":[{"@type":"SearchAction","target":{"@type":"EntryPoint","urlTemplate":"https:\/\/www.ariciotoankara.com\/?s={search_term_string}"},"query-input":{"@type":"PropertyValueSpecification","valueRequired":true,"valueName":"search_term_string"}}],"inLanguage":"tr"},{"@type":"Organization","@id":"https:\/\/www.ariciotoankara.com\/#organization","name":"Ar\u0131c\u0131 Oto Kaporta Boya","url":"https:\/\/www.ariciotoankara.com\/","logo":{"@type":"ImageObject","inLanguage":"tr","@id":"https:\/\/www.ariciotoankara.com\/#\/schema\/logo\/image\/","url":"https:\/\/www.ariciotoankara.com\/wp-content\/uploads\/2018\/05\/aricilogoyazili..jpg","contentUrl":"https:\/\/www.ariciotoankara.com\/wp-content\/uploads\/2018\/05\/aricilogoyazili..jpg","width":409,"height":108,"caption":"Ar\u0131c\u0131 Oto Kaporta Boya"},"image":{"@id":"https:\/\/www.ariciotoankara.com\/#\/schema\/logo\/image\/"}}]}},"_links":{"self":[{"href":"https:\/\/www.ariciotoankara.com\/index.php\/wp-json\/wp\/v2\/pages\/21","targetHints":{"allow":["GET"]}}],"collection":[{"href":"https:\/\/www.ariciotoankara.com\/index.php\/wp-json\/wp\/v2\/pages"}],"about":[{"href":"https:\/\/www.ariciotoankara.com\/index.php\/wp-json\/wp\/v2\/types\/page"}],"author":[{"embeddable":true,"href":"https:\/\/www.ariciotoankara.com\/index.php\/wp-json\/wp\/v2\/users\/1"}],"replies":[{"embeddable":true,"href":"https:\/\/www.ariciotoankara.com\/index.php\/wp-json\/wp\/v2\/comments?post=21"}],"version-history":[{"count":9,"href":"https:\/\/www.ariciotoankara.com\/index.php\/wp-json\/wp\/v2\/pages\/21\/revisions"}],"predecessor-version":[{"id":488,"href":"https:\/\/www.ariciotoankara.com\/index.php\/wp-json\/wp\/v2\/pages\/21\/revisions\/488"}],"wp:attachment":[{"href":"https:\/\/www.ariciotoankara.com\/index.php\/wp-json\/wp\/v2\/media?parent=21"}],"curies":[{"name":"wp","href":"https:\/\/api.w.org\/{rel}","templated":true}]}}